{"id":8,"date":"2025-10-24T14:43:27","date_gmt":"2025-10-24T14:43:27","guid":{"rendered":"http:\/\/www.encreservice.com\/?page_id=8"},"modified":"2025-10-25T11:27:21","modified_gmt":"2025-10-25T10:27:21","slug":"encre-service","status":"publish","type":"page","link":"https:\/\/www.encreservice.com\/","title":{"rendered":"Encre Service"},"content":{"rendered":"\n<h2 class=\"wp-block-heading has-text-align-center has-xx-large-font-size\" style=\"font-style:normal;font-weight:500\"><strong>R\u00e9seau de boutiques Encre Service<\/strong><\/h2>\n\n\n\n<p class=\"has-text-align-center has-contrast-midtone-color has-text-color has-link-color has-large-font-size wp-elements-98a50f0d6f01f64226d78cf782b182b5\">Nous rechargeons vos cartouches d&rsquo;encre et Toners dans nos boutiques. <\/p>\n\n\n\n<p class=\"has-text-align-center has-contrast-midtone-color has-text-color has-link-color has-medium-font-size wp-elements-d2c0c43e7db4743947216e175cbc6848\">En rechargeant vos cartouches jet d&rsquo;encre et toners d&rsquo;imprimantes<\/p>\n\n\n\n<p class=\"has-text-align-center has-contrast-midtone-color has-text-color has-link-color has-medium-font-size wp-elements-fc9cdb83417e42fd08020cc32b61838e\"> chez <strong>Encre Service<\/strong>, <\/p>\n\n\n\n<p class=\"has-text-align-center has-contrast-midtone-color has-text-color has-link-color has-medium-font-size wp-elements-564acab77b765402e671cc94122684b3\">vous faites des \u00e9conomies jusqu&rsquo;\u00e0 70% et un geste pour la plan\u00e8te<\/p>\n\n\n\n<figure class=\"wp-block-gallery has-nested-images columns-default is-cropped wp-block-gallery-1 is-layout-flex wp-block-gallery-is-layout-flex\">\n<figure class=\"wp-block-image size-full\"><img loading=\"lazy\" decoding=\"async\" width=\"917\" height=\"831\" data-id=\"13\" src=\"http:\/\/www.encreservice.com\/wp-content\/uploads\/2025\/10\/encre_pas_cher_imprimante_creil.jpg\" alt=\"\" class=\"wp-image-13\" srcset=\"https:\/\/www.encreservice.com\/wp-content\/uploads\/2025\/10\/encre_pas_cher_imprimante_creil.jpg 917w, https:\/\/www.encreservice.com\/wp-content\/uploads\/2025\/10\/encre_pas_cher_imprimante_creil-300x272.jpg 300w, https:\/\/www.encreservice.com\/wp-content\/uploads\/2025\/10\/encre_pas_cher_imprimante_creil-768x696.jpg 768w\" sizes=\"auto, (max-width: 917px) 100vw, 917px\" \/><figcaption class=\"wp-element-caption\"><strong>EncreService Creil<\/strong><br>2 av. de l&rsquo;Europe<br>60100 Creil<br>03 44 63 22 81<\/figcaption><\/figure>\n\n\n\n<figure class=\"wp-block-image size-full\"><img loading=\"lazy\" decoding=\"async\" width=\"819\" height=\"831\" data-id=\"14\" src=\"http:\/\/www.encreservice.com\/wp-content\/uploads\/2025\/10\/encre_service_clermontferrand_cartouche_encre_pas_cher.jpg\" alt=\"Encreservice Clermont Ferrand\" class=\"wp-image-14\" srcset=\"https:\/\/www.encreservice.com\/wp-content\/uploads\/2025\/10\/encre_service_clermontferrand_cartouche_encre_pas_cher.jpg 819w, https:\/\/www.encreservice.com\/wp-content\/uploads\/2025\/10\/encre_service_clermontferrand_cartouche_encre_pas_cher-296x300.jpg 296w, https:\/\/www.encreservice.com\/wp-content\/uploads\/2025\/10\/encre_service_clermontferrand_cartouche_encre_pas_cher-768x779.jpg 768w\" sizes=\"auto, (max-width: 819px) 100vw, 819px\" \/><figcaption class=\"wp-element-caption\"><strong>EncreService Clermont Ferrnand<\/strong> <br>164 Bd lafayette<br>63000 Clermont<br>04 73 90 49 37<\/figcaption><\/figure>\n\n\n\n<figure class=\"wp-block-image size-large\"><img loading=\"lazy\" decoding=\"async\" width=\"1024\" height=\"576\" data-id=\"10\" src=\"http:\/\/www.encreservice.com\/wp-content\/uploads\/2025\/10\/20210525_111956-1024x576.jpg\" alt=\"ENCRE SERVICE LOUVIGNY\" class=\"wp-image-10\" srcset=\"https:\/\/www.encreservice.com\/wp-content\/uploads\/2025\/10\/20210525_111956-1024x576.jpg 1024w, https:\/\/www.encreservice.com\/wp-content\/uploads\/2025\/10\/20210525_111956-300x169.jpg 300w, https:\/\/www.encreservice.com\/wp-content\/uploads\/2025\/10\/20210525_111956-768x432.jpg 768w, https:\/\/www.encreservice.com\/wp-content\/uploads\/2025\/10\/20210525_111956-1536x864.jpg 1536w, https:\/\/www.encreservice.com\/wp-content\/uploads\/2025\/10\/20210525_111956-2048x1152.jpg 2048w\" sizes=\"auto, (max-width: 1024px) 100vw, 1024px\" \/><figcaption class=\"wp-element-caption\"><strong>EncreService Louvigny<\/strong> <br>4 longue vue des photographes<br>14111 Louvigny<br> 02 31 71 00 06<\/figcaption><\/figure>\n<\/figure>\n\n\n\n<figure class=\"wp-block-gallery has-nested-images columns-default is-cropped wp-block-gallery-2 is-layout-flex wp-block-gallery-is-layout-flex\">\n<figure class=\"wp-block-image size-full\"><img loading=\"lazy\" decoding=\"async\" width=\"473\" height=\"355\" data-id=\"15\" src=\"http:\/\/www.encreservice.com\/wp-content\/uploads\/2025\/10\/mag_noisy.jpeg\" alt=\"\" class=\"wp-image-15\" srcset=\"https:\/\/www.encreservice.com\/wp-content\/uploads\/2025\/10\/mag_noisy.jpeg 473w, https:\/\/www.encreservice.com\/wp-content\/uploads\/2025\/10\/mag_noisy-300x225.jpeg 300w\" sizes=\"auto, (max-width: 473px) 100vw, 473px\" \/><figcaption class=\"wp-element-caption\"><strong>EncreService Noisy le Sec<\/strong> <br>1 place Jeanne d&rsquo;Arc <br>93130 Noisy le Sec <br>01 48 40 37 14<\/figcaption><\/figure>\n\n\n\n<figure class=\"wp-block-image size-full\"><img loading=\"lazy\" decoding=\"async\" width=\"600\" height=\"400\" data-id=\"17\" src=\"http:\/\/www.encreservice.com\/wp-content\/uploads\/2025\/10\/IMG_1111-600x400-1.jpeg\" alt=\"EncreService Villemomble\" class=\"wp-image-17\" srcset=\"https:\/\/www.encreservice.com\/wp-content\/uploads\/2025\/10\/IMG_1111-600x400-1.jpeg 600w, https:\/\/www.encreservice.com\/wp-content\/uploads\/2025\/10\/IMG_1111-600x400-1-300x200.jpeg 300w\" sizes=\"auto, (max-width: 600px) 100vw, 600px\" \/><figcaption class=\"wp-element-caption\"><strong>EncreService Villemomble<\/strong> <br>45 avenue Outrebon<br> 93250 Villemomble<br> 01 48 12 87 88<\/figcaption><\/figure>\n<\/figure>\n\n\n\n<div class=\"wp-block-group has-global-padding is-layout-constrained wp-container-core-group-is-layout-a960dd57 wp-block-group-is-layout-constrained\">\n<div class=\"wp-block-group has-global-padding is-layout-constrained wp-block-group-is-layout-constrained\">\n<h3 class=\"wp-block-heading has-text-align-center is-style-text-wrap-balance\" style=\"font-size:clamp(1.25em, 1.25rem + ((1vw - 0.2em) * 1.25), 2em);font-style:normal;font-weight:600\">Depuis 2005, les boutiques EncreService proposent la recharge et la vente de cartouches d&rsquo;encre et toners lasers d&rsquo;imprimante.<\/h3>\n<\/div>\n\n\n\n<div class=\"wp-block-columns is-layout-flex wp-container-core-columns-is-layout-28f84493 wp-block-columns-is-layout-flex\">\n<div class=\"wp-block-column is-layout-flow wp-block-column-is-layout-flow\">\n<p class=\"is-style-text-wrap-balance\">Chaque boutique propose la recharge de cartouches d&rsquo;imprimante et d&rsquo;autres services. Merci de vous rapprocher de la boutique pour conna\u00eetre la liste exacte des services et produits propos\u00e9s.<\/p>\n\n\n\n<p class=\"is-style-text-wrap-balance\"><\/p>\n<\/div>\n<\/div>\n<\/div>\n","protected":false},"excerpt":{"rendered":"<p>R\u00e9seau de boutiques Encre Service Nous rechargeons vos cartouches d&rsquo;encre et Toners dans nos boutiques. En rechargeant vos cartouches jet d&rsquo;encre et toners d&rsquo;imprimantes chez Encre Service, vous faites des \u00e9conomies jusqu&rsquo;\u00e0 70% et un geste pour la plan\u00e8te Depuis 2005, les boutiques EncreService proposent la recharge et la vente de cartouches d&rsquo;encre et toners [&hellip;]<\/p>\n","protected":false},"author":1,"featured_media":29,"parent":0,"menu_order":0,"comment_status":"closed","ping_status":"closed","template":"","meta":{"footnotes":""},"class_list":["post-8","page","type-page","status-publish","has-post-thumbnail","hentry"],"_links":{"self":[{"href":"https:\/\/www.encreservice.com\/index.php\/wp-json\/wp\/v2\/pages\/8","targetHints":{"allow":["GET"]}}],"collection":[{"href":"https:\/\/www.encreservice.com\/index.php\/wp-json\/wp\/v2\/pages"}],"about":[{"href":"https:\/\/www.encreservice.com\/index.php\/wp-json\/wp\/v2\/types\/page"}],"author":[{"embeddable":true,"href":"https:\/\/www.encreservice.com\/index.php\/wp-json\/wp\/v2\/users\/1"}],"replies":[{"embeddable":true,"href":"https:\/\/www.encreservice.com\/index.php\/wp-json\/wp\/v2\/comments?post=8"}],"version-history":[{"count":13,"href":"https:\/\/www.encreservice.com\/index.php\/wp-json\/wp\/v2\/pages\/8\/revisions"}],"predecessor-version":[{"id":49,"href":"https:\/\/www.encreservice.com\/index.php\/wp-json\/wp\/v2\/pages\/8\/revisions\/49"}],"wp:featuredmedia":[{"embeddable":true,"href":"https:\/\/www.encreservice.com\/index.php\/wp-json\/wp\/v2\/media\/29"}],"wp:attachment":[{"href":"https:\/\/www.encreservice.com\/index.php\/wp-json\/wp\/v2\/media?parent=8"}],"curies":[{"name":"wp","href":"https:\/\/api.w.org\/{rel}","templated":true}]}}